{"id":54,"date":"2022-09-16T15:53:31","date_gmt":"2022-09-16T15:53:31","guid":{"rendered":"https:\/\/www.intrustcoachings.com\/?page_id=54"},"modified":"2024-05-16T18:41:43","modified_gmt":"2024-05-16T18:41:43","slug":"servicios","status":"publish","type":"page","link":"https:\/\/www.intrustcoachings.com\/es\/servicios\/","title":{"rendered":"Servicios"},"content":{"rendered":"<div data-elementor-type=\"wp-page\" data-elementor-id=\"54\" class=\"elementor elementor-54\">\n\t\t\t\t\t\t<section class=\"elementor-section elementor-top-section elementor-element elementor-element-c7608ba elementor-section-boxed elementor-section-height-default elementor-section-height-default\" data-id=\"c7608ba\" data-element_type=\"section\">\n\t\t\t\t\t\t<div class=\"elementor-container elementor-column-gap-default\">\n\t\t\t\t\t<div class=\"elementor-column elementor-col-100 elementor-top-column elementor-element elementor-element-bad7d21\" data-id=\"bad7d21\" data-element_type=\"column\">\n\t\t\t<div class=\"elementor-widget-wrap elementor-element-populated\">\n\t\t\t\t\t\t<div class=\"elementor-element elementor-element-bfb99a6 elementor-widget elementor-widget-heading\" data-id=\"bfb99a6\" data-element_type=\"widget\" data-widget_type=\"heading.default\">\n\t\t\t\t<div class=\"elementor-widget-container\">\n\t\t\t<style>\/*! elementor - v3.21.0 - 18-04-2024 *\/\n.elementor-heading-title{padding:0;margin:0;line-height:1}.elementor-widget-heading .elementor-heading-title[class*=elementor-size-]>a{color:inherit;font-size:inherit;line-height:inherit}.elementor-widget-heading .elementor-heading-title.elementor-size-small{font-size:15px}.elementor-widget-heading .elementor-heading-title.elementor-size-medium{font-size:19px}.elementor-widget-heading .elementor-heading-title.elementor-size-large{font-size:29px}.elementor-widget-heading .elementor-heading-title.elementor-size-xl{font-size:39px}.elementor-widget-heading .elementor-heading-title.elementor-size-xxl{font-size:59px}<\/style><h2 class=\"elementor-heading-title elementor-size-default\"><br>El Gol?<br><br><span style=\"font-weight: normal;\">Focus, Conciencia <br>Compromiso, y Relaciones Sinceras<\/span><br><br><\/h2>\t\t<\/div>\n\t\t\t\t<\/div>\n\t\t\t\t\t<\/div>\n\t\t<\/div>\n\t\t\t\t\t<\/div>\n\t\t<\/section>\n\t\t\t\t<section class=\"elementor-section elementor-top-section elementor-element elementor-element-51f668d elementor-section-boxed elementor-section-height-default elementor-section-height-default\" data-id=\"51f668d\" data-element_type=\"section\">\n\t\t\t\t\t\t<div class=\"elementor-container elementor-column-gap-default\">\n\t\t\t\t\t<div class=\"elementor-column elementor-col-100 elementor-top-column elementor-element elementor-element-5b6df64\" data-id=\"5b6df64\" data-element_type=\"column\">\n\t\t\t<div class=\"elementor-widget-wrap elementor-element-populated\">\n\t\t\t\t\t\t<div class=\"elementor-element elementor-element-92eabe4 elementor-widget elementor-widget-heading\" data-id=\"92eabe4\" data-element_type=\"widget\" data-widget_type=\"heading.default\">\n\t\t\t\t<div class=\"elementor-widget-container\">\n\t\t\t<h2 class=\"elementor-heading-title elementor-size-default\"><br>El Proceso...<\/h2>\t\t<\/div>\n\t\t\t\t<\/div>\n\t\t\t\t\t<\/div>\n\t\t<\/div>\n\t\t\t\t\t<\/div>\n\t\t<\/section>\n\t\t\t\t<section class=\"elementor-section elementor-top-section elementor-element elementor-element-d8f90fd elementor-section-full_width elementor-section-height-min-height elementor-section-height-default elementor-section-items-middle\" data-id=\"d8f90fd\" data-element_type=\"section\">\n\t\t\t\t\t\t<div class=\"elementor-container elementor-column-gap-default\">\n\t\t\t\t\t<div class=\"elementor-column elementor-col-100 elementor-top-column elementor-element elementor-element-b6d86f4\" data-id=\"b6d86f4\" data-element_type=\"column\">\n\t\t\t<div class=\"elementor-widget-wrap elementor-element-populated\">\n\t\t\t\t\t\t<div class=\"elementor-element elementor-element-2a573f7 elementor-widget elementor-widget-text-editor\" data-id=\"2a573f7\" data-element_type=\"widget\" data-widget_type=\"text-editor.default\">\n\t\t\t\t<div class=\"elementor-widget-container\">\n\t\t\t<style>\/*! elementor - v3.21.0 - 18-04-2024 *\/\n.elementor-widget-text-editor.elementor-drop-cap-view-stacked .elementor-drop-cap{background-color:#69727d;color:#fff}.elementor-widget-text-editor.elementor-drop-cap-view-framed .elementor-drop-cap{color:#69727d;border:3px solid;background-color:transparent}.elementor-widget-text-editor:not(.elementor-drop-cap-view-default) .elementor-drop-cap{margin-top:8px}.elementor-widget-text-editor:not(.elementor-drop-cap-view-default) .elementor-drop-cap-letter{width:1em;height:1em}.elementor-widget-text-editor .elementor-drop-cap{float:left;text-align:center;line-height:1;font-size:50px}.elementor-widget-text-editor .elementor-drop-cap-letter{display:inline-block}<\/style>\t\t\t\t<p>&nbsp; &nbsp; &nbsp;El modelo IntrustCoachings est\u00e1 dise\u00f1ado para personas que buscan desarrollo personal o profesional y consecuci\u00f3n de objetivos. Esto incluye empresarios, ejecutivos, gerentes, estudiantes y cualquiera que busque realizar cambios positivos en sus vidas.<\/p>\n<p>&nbsp;El modelo es especialmente beneficioso para quienes desean mejorar la autoconciencia, superar obst\u00e1culos y mejorar el bienestar general. Proporciona responsabilidad y apoyo para el logro de objetivos y promueve la reflexi\u00f3n para un crecimiento y desarrollo continuos en el tiempo.<span style=\"font-size: var(--go--font-size); color: var( --e-global-color-text ); font-family: var( --e-global-typography-text-font-family ), Sans-serif; font-weight: var( --e-global-typography-text-font-weight ); letter-spacing: var(--go--letter-spacing,normal);\">.<\/span><\/p>\n<p>IntrustCoachings es amplio e inclusivo y se centra en una experiencia de coaching de apoyo y empoderamiento que enfatiza la generaci\u00f3n de confianza, la autoconciencia y estrategias viables para el \u00e9xito. Este modelo es ideal para personas comprometidas con el crecimiento personal y profesional y dispuestas a invertir tiempo y esfuerzo en el proceso de coaching para lograr los resultados deseados.<br><\/p>\n<p><\/p>\t\t\t\t\t\t<\/div>\n\t\t\t\t<\/div>\n\t\t\t\t\t<\/div>\n\t\t<\/div>\n\t\t\t\t\t<\/div>\n\t\t<\/section>\n\t\t\t\t<section class=\"elementor-section elementor-top-section elementor-element elementor-element-92f7e9b elementor-section-height-min-height elementor-section-boxed elementor-section-height-default elementor-section-items-middle\" data-id=\"92f7e9b\" data-element_type=\"section\">\n\t\t\t\t\t\t<div class=\"elementor-container elementor-column-gap-default\">\n\t\t\t\t\t<div class=\"elementor-column elementor-col-100 elementor-top-column elementor-element elementor-element-d24758c\" data-id=\"d24758c\" data-element_type=\"column\">\n\t\t\t<div class=\"elementor-widget-wrap elementor-element-populated\">\n\t\t\t\t\t\t<div class=\"elementor-element elementor-element-cc0d3bb elementor-arrows-position-outside elementor-widget elementor-widget-image-carousel\" data-id=\"cc0d3bb\" data-element_type=\"widget\" data-settings=\"{&quot;slides_to_show&quot;:&quot;1&quot;,&quot;navigation&quot;:&quot;arrows&quot;,&quot;autoplay&quot;:&quot;yes&quot;,&quot;pause_on_hover&quot;:&quot;yes&quot;,&quot;pause_on_interaction&quot;:&quot;yes&quot;,&quot;autoplay_speed&quot;:5000,&quot;infinite&quot;:&quot;yes&quot;,&quot;effect&quot;:&quot;slide&quot;,&quot;speed&quot;:500}\" data-widget_type=\"image-carousel.default\">\n\t\t\t\t<div class=\"elementor-widget-container\">\n\t\t\t<style>\/*! elementor - v3.21.0 - 18-04-2024 *\/\n.elementor-widget-image-carousel .swiper,.elementor-widget-image-carousel .swiper-container{position:static}.elementor-widget-image-carousel .swiper-container .swiper-slide figure,.elementor-widget-image-carousel .swiper .swiper-slide figure{line-height:inherit}.elementor-widget-image-carousel .swiper-slide{text-align:center}.elementor-image-carousel-wrapper:not(.swiper-container-initialized):not(.swiper-initialized) .swiper-slide{max-width:calc(100% \/ var(--e-image-carousel-slides-to-show, 3))}<\/style>\t\t<div class=\"elementor-image-carousel-wrapper swiper\" dir=\"ltr\">\n\t\t\t<div class=\"elementor-image-carousel swiper-wrapper swiper-image-stretch\" aria-live=\"off\">\n\t\t\t\t\t\t\t\t<div class=\"swiper-slide\" role=\"group\" aria-roledescription=\"slide\" aria-label=\"1 de 4\"><figure class=\"swiper-slide-inner\"><img decoding=\"async\" class=\"swiper-slide-image\" src=\"https:\/\/www.intrustcoachings.com\/wp-content\/uploads\/2024\/04\/1slide.png\" alt=\"1slide\" \/><\/figure><\/div><div class=\"swiper-slide\" role=\"group\" aria-roledescription=\"slide\" aria-label=\"2 de 4\"><figure class=\"swiper-slide-inner\"><img decoding=\"async\" class=\"swiper-slide-image\" src=\"https:\/\/www.intrustcoachings.com\/wp-content\/uploads\/2024\/04\/2slide.png\" alt=\"2slide\" \/><\/figure><\/div><div class=\"swiper-slide\" role=\"group\" aria-roledescription=\"slide\" aria-label=\"3 de 4\"><figure class=\"swiper-slide-inner\"><img decoding=\"async\" class=\"swiper-slide-image\" src=\"https:\/\/www.intrustcoachings.com\/wp-content\/uploads\/2024\/04\/3slide.png\" alt=\"3slide\" \/><\/figure><\/div><div class=\"swiper-slide\" role=\"group\" aria-roledescription=\"slide\" aria-label=\"4 de 4\"><figure class=\"swiper-slide-inner\"><img decoding=\"async\" class=\"swiper-slide-image\" src=\"https:\/\/www.intrustcoachings.com\/wp-content\/uploads\/2024\/04\/4slide.png\" alt=\"4slide\" \/><\/figure><\/div>\t\t\t<\/div>\n\t\t\t\t\t\t\t\t\t\t\t\t<div class=\"elementor-swiper-button elementor-swiper-button-prev\" role=\"button\" tabindex=\"0\">\n\t\t\t\t\t\t<i aria-hidden=\"true\" class=\"eicon-chevron-left\"><\/i>\t\t\t\t\t<\/div>\n\t\t\t\t\t<div class=\"elementor-swiper-button elementor-swiper-button-next\" role=\"button\" tabindex=\"0\">\n\t\t\t\t\t\t<i aria-hidden=\"true\" class=\"eicon-chevron-right\"><\/i>\t\t\t\t\t<\/div>\n\t\t\t\t\n\t\t\t\t\t\t\t\t\t<\/div>\n\t\t\t\t<\/div>\n\t\t\t\t<\/div>\n\t\t\t\t\t<\/div>\n\t\t<\/div>\n\t\t\t\t\t<\/div>\n\t\t<\/section>\n\t\t\t\t<section class=\"elementor-section elementor-top-section elementor-element elementor-element-1f48bad elementor-section-full_width elementor-section-height-min-height elementor-section-height-default elementor-section-items-middle\" data-id=\"1f48bad\" data-element_type=\"section\">\n\t\t\t\t\t\t<div class=\"elementor-container elementor-column-gap-default\">\n\t\t\t\t\t<div class=\"elementor-column elementor-col-100 elementor-top-column elementor-element elementor-element-795307c\" data-id=\"795307c\" data-element_type=\"column\">\n\t\t\t<div class=\"elementor-widget-wrap elementor-element-populated\">\n\t\t\t\t\t\t<div class=\"elementor-element elementor-element-c7edd54 elementor-widget elementor-widget-text-editor\" data-id=\"c7edd54\" data-element_type=\"widget\" data-widget_type=\"text-editor.default\">\n\t\t\t\t<div class=\"elementor-widget-container\">\n\t\t\t\t\t\t\t<p><span style=\"font-size: 16.8px;\">Y cuando logre sus objetivos, celebraremos su \u00e9xito y exploraremos los pr\u00f3ximos pasos para un crecimiento y desarrollo continuos. Ya sea estableciendo nuevos objetivos, superando nuevos desaf\u00edos o explorando nuevas \u00e1reas de crecimiento personal o profesional, trabajaremos juntos para asegurarnos de que siga avanzando.<\/span><\/p><p><span style=\"font-size: 16.8px;\">\u00a0<\/span><\/p><p><span style=\"font-size: 16.8px;\">\u00a1Estoy emocionado de unirme a usted en este viaje y espero poder ayudarlo a alcanzar sus objetivos y desbloquear todo su potencial!<\/span><\/p>\t\t\t\t\t\t<\/div>\n\t\t\t\t<\/div>\n\t\t\t\t\t<\/div>\n\t\t<\/div>\n\t\t\t\t\t<\/div>\n\t\t<\/section>\n\t\t\t\t<section class=\"elementor-section elementor-top-section elementor-element elementor-element-7e2d4a8 elementor-section-stretched elementor-section-boxed elementor-section-height-default elementor-section-height-default\" data-id=\"7e2d4a8\" data-element_type=\"section\" data-settings=\"{&quot;stretch_section&quot;:&quot;section-stretched&quot;}\">\n\t\t\t\t\t\t<div class=\"elementor-container elementor-column-gap-default\">\n\t\t\t\t\t<div class=\"elementor-column elementor-col-100 elementor-top-column elementor-element elementor-element-e288b47\" data-id=\"e288b47\" data-element_type=\"column\">\n\t\t\t<div class=\"elementor-widget-wrap elementor-element-populated\">\n\t\t\t\t\t\t<div class=\"elementor-element elementor-element-0020c13 elementor-widget elementor-widget-heading\" data-id=\"0020c13\" data-element_type=\"widget\" data-widget_type=\"heading.default\">\n\t\t\t\t<div class=\"elementor-widget-container\">\n\t\t\t<h2 class=\"elementor-heading-title elementor-size-default\"><br>Deseamos caminar contigo en:<br><\/h2>\t\t<\/div>\n\t\t\t\t<\/div>\n\t\t\t\t\t<\/div>\n\t\t<\/div>\n\t\t\t\t\t<\/div>\n\t\t<\/section>\n\t\t\t\t<section class=\"elementor-section elementor-top-section elementor-element elementor-element-028d64c elementor-section-stretched elementor-section-boxed elementor-section-height-default elementor-section-height-default\" data-id=\"028d64c\" data-element_type=\"section\" data-settings=\"{&quot;stretch_section&quot;:&quot;section-stretched&quot;}\">\n\t\t\t\t\t\t<div class=\"elementor-container elementor-column-gap-default\">\n\t\t\t\t\t<div class=\"elementor-column elementor-col-33 elementor-top-column elementor-element elementor-element-fd58b59\" data-id=\"fd58b59\" data-element_type=\"column\">\n\t\t\t<div class=\"elementor-widget-wrap elementor-element-populated\">\n\t\t\t\t\t\t<div class=\"elementor-element elementor-element-9b5b1d0 elementor-widget__width-initial elementor-widget elementor-widget-text-editor\" data-id=\"9b5b1d0\" data-element_type=\"widget\" data-widget_type=\"text-editor.default\">\n\t\t\t\t<div class=\"elementor-widget-container\">\n\t\t\t\t\t\t\t<div><h2 style=\"font-family: Montserrat, sans-serif; font-style: normal; font-weight: 600; letter-spacing: var(--go-heading--letter-spacing,normal); color: #e9a06a; font-size: 30px; text-align: center;\" data-elementor-setting-key=\"title\" data-pen-placeholder=\"Type Here...\">Prepar\u00e1ndose para el futuro<\/h2><\/div><ul><li>Iniciar un negocio exitoso.<\/li><li>Prepar\u00e1ndose para el Matrimonio.<\/li><li>Descubriendo tu futura Carrera<\/li><li>Cambiando de profesi\u00f3n<\/li><li>Ser un mejor l\u00edder<\/li><\/ul>\t\t\t\t\t\t<\/div>\n\t\t\t\t<\/div>\n\t\t\t\t\t<\/div>\n\t\t<\/div>\n\t\t\t\t<div class=\"elementor-column elementor-col-33 elementor-top-column elementor-element elementor-element-c6949b3\" data-id=\"c6949b3\" data-element_type=\"column\">\n\t\t\t<div class=\"elementor-widget-wrap elementor-element-populated\">\n\t\t\t\t\t\t<div class=\"elementor-element elementor-element-e628987 elementor-widget__width-initial elementor-widget elementor-widget-text-editor\" data-id=\"e628987\" data-element_type=\"widget\" data-widget_type=\"text-editor.default\">\n\t\t\t\t<div class=\"elementor-widget-container\">\n\t\t\t\t\t\t\t<h2 class=\"elementor-heading-title elementor-size-default elementor-inline-editing pen\" style=\"font-family: Montserrat, sans-serif; font-style: normal; font-weight: 600; letter-spacing: var(--go-heading--letter-spacing,normal); color: #e9a06a; font-size: 30px; text-align: center;\" data-elementor-setting-key=\"title\" data-pen-placeholder=\"Type Here...\">\u00a0<\/h2><h2 class=\"elementor-heading-title elementor-size-default elementor-inline-editing pen\" style=\"font-family: Montserrat, sans-serif; font-style: normal; font-weight: 600; letter-spacing: var(--go-heading--letter-spacing,normal); color: #e9a06a; font-size: 30px; text-align: center;\" data-elementor-setting-key=\"title\" data-pen-placeholder=\"Type Here...\">\u00a0Mejorar las Relaciones<\/h2><p style=\"font-size: 16.8px; line-height: var(--go--line-height); color: #050000;\">\u00a0<\/p><p style=\"font-size: 16.8px; line-height: var(--go--line-height); color: #050000;\">\u00a0<\/p><ul style=\"color: #050000;\"><li>Relaciones Matrimoniales.<\/li><li>Relaci\u00f3n entre Padres e Hijos.<\/li><li>Relaciones Laborales<\/li><\/ul>\t\t\t\t\t\t<\/div>\n\t\t\t\t<\/div>\n\t\t\t\t\t<\/div>\n\t\t<\/div>\n\t\t\t\t<div class=\"elementor-column elementor-col-33 elementor-top-column elementor-element elementor-element-db8f535\" data-id=\"db8f535\" data-element_type=\"column\">\n\t\t\t<div class=\"elementor-widget-wrap elementor-element-populated\">\n\t\t\t\t\t\t<div class=\"elementor-element elementor-element-b8100b0 elementor-widget__width-initial elementor-widget elementor-widget-text-editor\" data-id=\"b8100b0\" data-element_type=\"widget\" data-widget_type=\"text-editor.default\">\n\t\t\t\t<div class=\"elementor-widget-container\">\n\t\t\t\t\t\t\t<h2 style=\"font-family: Montserrat, sans-serif; font-style: normal; font-weight: 600; letter-spacing: var(--go-heading--letter-spacing,normal); color: #e9a06a; font-size: 30px; text-align: center;\" data-elementor-setting-key=\"title\" data-pen-placeholder=\"Type Here...\">Maximizando su Potencial<\/h2><div><ul style=\"color: #050000;\"><li>Descubriendo el Potencial para Nuevos Logros.<\/li><li>Preparaci\u00f3n de Liderazgo.<\/li><li>Cambios de carrera<\/li><li>Optimizando y haciendo crecer el Potencial de su Empresa.\u00a0<\/li><\/ul><\/div>\t\t\t\t\t\t<\/div>\n\t\t\t\t<\/div>\n\t\t\t\t\t<\/div>\n\t\t<\/div>\n\t\t\t\t\t<\/div>\n\t\t<\/section>\n\t\t\t\t<\/div>","protected":false},"excerpt":{"rendered":"<p>The Goal? Focus, Awareness, Commitment and Sincere Relationships The Process&#8230; &nbsp; &nbsp; &nbsp;The IntrustCoachings model is designed for individuals seeking personal or professional development and goal achievement. This includes entrepreneurs, executives, managers, students, and anyone looking to make positive changes in their lives. &nbsp;The model is especially beneficial for those wanting to enhance self-awareness, overcome [&hellip;]<\/p>","protected":false},"author":1,"featured_media":0,"parent":0,"menu_order":0,"comment_status":"closed","ping_status":"closed","template":"","meta":{"hide_page_title":"","footnotes":""},"_links":{"self":[{"href":"https:\/\/www.intrustcoachings.com\/es\/wp-json\/wp\/v2\/pages\/54"}],"collection":[{"href":"https:\/\/www.intrustcoachings.com\/es\/wp-json\/wp\/v2\/pages"}],"about":[{"href":"https:\/\/www.intrustcoachings.com\/es\/wp-json\/wp\/v2\/types\/page"}],"author":[{"embeddable":true,"href":"https:\/\/www.intrustcoachings.com\/es\/wp-json\/wp\/v2\/users\/1"}],"replies":[{"embeddable":true,"href":"https:\/\/www.intrustcoachings.com\/es\/wp-json\/wp\/v2\/comments?post=54"}],"version-history":[{"count":164,"href":"https:\/\/www.intrustcoachings.com\/es\/wp-json\/wp\/v2\/pages\/54\/revisions"}],"predecessor-version":[{"id":658,"href":"https:\/\/www.intrustcoachings.com\/es\/wp-json\/wp\/v2\/pages\/54\/revisions\/658"}],"wp:attachment":[{"href":"https:\/\/www.intrustcoachings.com\/es\/wp-json\/wp\/v2\/media?parent=54"}],"curies":[{"name":"wp","href":"https:\/\/api.w.org\/{rel}","templated":true}]}}