{"id":21,"date":"2022-09-12T20:02:11","date_gmt":"2022-09-12T20:02:11","guid":{"rendered":"https:\/\/www.intrustcoachings.com\/acerca-de\/"},"modified":"2024-05-16T18:49:53","modified_gmt":"2024-05-16T18:49:53","slug":"acerca-de","status":"publish","type":"page","link":"https:\/\/www.intrustcoachings.com\/es\/acerca-de\/","title":{"rendered":"Acerca de"},"content":{"rendered":"<div data-elementor-type=\"wp-page\" data-elementor-id=\"21\" class=\"elementor elementor-21\">\n\t\t\t\t\t\t<section class=\"elementor-section elementor-top-section elementor-element elementor-element-0c29d6b elementor-section-boxed elementor-section-height-default elementor-section-height-default\" data-id=\"0c29d6b\" data-element_type=\"section\">\n\t\t\t\t\t\t<div class=\"elementor-container elementor-column-gap-default\">\n\t\t\t\t\t<div class=\"elementor-column elementor-col-100 elementor-top-column elementor-element elementor-element-b201509\" data-id=\"b201509\" data-element_type=\"column\">\n\t\t\t<div class=\"elementor-widget-wrap elementor-element-populated\">\n\t\t\t\t\t\t<div class=\"elementor-element elementor-element-67a3efb elementor-widget__width-initial elementor-widget elementor-widget-heading\" data-id=\"67a3efb\" data-element_type=\"widget\" data-widget_type=\"heading.default\">\n\t\t\t\t<div class=\"elementor-widget-container\">\n\t\t\t<style>\/*! elementor - v3.21.0 - 18-04-2024 *\/\n.elementor-heading-title{padding:0;margin:0;line-height:1}.elementor-widget-heading .elementor-heading-title[class*=elementor-size-]>a{color:inherit;font-size:inherit;line-height:inherit}.elementor-widget-heading .elementor-heading-title.elementor-size-small{font-size:15px}.elementor-widget-heading .elementor-heading-title.elementor-size-medium{font-size:19px}.elementor-widget-heading .elementor-heading-title.elementor-size-large{font-size:29px}.elementor-widget-heading .elementor-heading-title.elementor-size-xl{font-size:39px}.elementor-widget-heading .elementor-heading-title.elementor-size-xxl{font-size:59px}<\/style><h2 class=\"elementor-heading-title elementor-size-default translation-block\">Soy Francisco Ordaz: <br>un Coach, Mentor, y Desarrollador <br><br><\/h2>\t\t<\/div>\n\t\t\t\t<\/div>\n\t\t\t\t\t<\/div>\n\t\t<\/div>\n\t\t\t\t\t<\/div>\n\t\t<\/section>\n\t\t\t\t<section class=\"elementor-section elementor-top-section elementor-element elementor-element-e867ed4 elementor-section-boxed elementor-section-height-default elementor-section-height-default\" data-id=\"e867ed4\" data-element_type=\"section\">\n\t\t\t\t\t\t<div class=\"elementor-container elementor-column-gap-default\">\n\t\t\t\t\t<div class=\"elementor-column elementor-col-100 elementor-top-column elementor-element elementor-element-7877107\" data-id=\"7877107\" data-element_type=\"column\">\n\t\t\t<div class=\"elementor-widget-wrap elementor-element-populated\">\n\t\t\t\t\t\t<div class=\"elementor-element elementor-element-e436213 elementor-arrows-position-inside elementor-pagination-position-outside elementor-widget elementor-widget-image-carousel\" data-id=\"e436213\" data-element_type=\"widget\" data-settings=\"{&quot;slides_to_show&quot;:&quot;1&quot;,&quot;navigation&quot;:&quot;both&quot;,&quot;autoplay&quot;:&quot;yes&quot;,&quot;pause_on_hover&quot;:&quot;yes&quot;,&quot;pause_on_interaction&quot;:&quot;yes&quot;,&quot;autoplay_speed&quot;:5000,&quot;infinite&quot;:&quot;yes&quot;,&quot;effect&quot;:&quot;slide&quot;,&quot;speed&quot;:500}\" data-widget_type=\"image-carousel.default\">\n\t\t\t\t<div class=\"elementor-widget-container\">\n\t\t\t<style>\/*! elementor - v3.21.0 - 18-04-2024 *\/\n.elementor-widget-image-carousel .swiper,.elementor-widget-image-carousel .swiper-container{position:static}.elementor-widget-image-carousel .swiper-container .swiper-slide figure,.elementor-widget-image-carousel .swiper .swiper-slide figure{line-height:inherit}.elementor-widget-image-carousel .swiper-slide{text-align:center}.elementor-image-carousel-wrapper:not(.swiper-container-initialized):not(.swiper-initialized) .swiper-slide{max-width:calc(100% \/ var(--e-image-carousel-slides-to-show, 3))}<\/style>\t\t<div class=\"elementor-image-carousel-wrapper swiper\" dir=\"ltr\">\n\t\t\t<div class=\"elementor-image-carousel swiper-wrapper\" aria-live=\"off\">\n\t\t\t\t\t\t\t\t<div class=\"swiper-slide\" role=\"group\" aria-roledescription=\"slide\" aria-label=\"1 de 4\"><figure class=\"swiper-slide-inner\"><img decoding=\"async\" class=\"swiper-slide-image\" src=\"https:\/\/www.intrustcoachings.com\/wp-content\/uploads\/2022\/09\/gallery-image-1-240x300.jpg\" alt=\"Imagen de la galer\u00eda 1\" \/><\/figure><\/div><div class=\"swiper-slide\" role=\"group\" aria-roledescription=\"slide\" aria-label=\"2 de 4\"><figure class=\"swiper-slide-inner\"><img decoding=\"async\" class=\"swiper-slide-image\" src=\"https:\/\/www.intrustcoachings.com\/wp-content\/uploads\/2022\/09\/home-image-1-300x170.jpg\" alt=\"Imagen de hogar 1\" \/><\/figure><\/div><div class=\"swiper-slide\" role=\"group\" aria-roledescription=\"slide\" aria-label=\"3 de 4\"><figure class=\"swiper-slide-inner\"><img decoding=\"async\" class=\"swiper-slide-image\" src=\"https:\/\/www.intrustcoachings.com\/wp-content\/uploads\/2022\/09\/about-image-1-300x202.jpg\" alt=\"Acerca de la imagen 1\" \/><\/figure><\/div><div class=\"swiper-slide\" role=\"group\" aria-roledescription=\"slide\" aria-label=\"4 de 4\"><figure class=\"swiper-slide-inner\"><img decoding=\"async\" class=\"swiper-slide-image\" src=\"https:\/\/www.intrustcoachings.com\/wp-content\/uploads\/2022\/09\/about-image-2-300x202.jpg\" alt=\"Acerca de la imagen 2\" \/><\/figure><\/div>\t\t\t<\/div>\n\t\t\t\t\t\t\t\t\t\t\t\t<div class=\"elementor-swiper-button elementor-swiper-button-prev\" role=\"button\" tabindex=\"0\">\n\t\t\t\t\t\t<i aria-hidden=\"true\" class=\"eicon-chevron-left\"><\/i>\t\t\t\t\t<\/div>\n\t\t\t\t\t<div class=\"elementor-swiper-button elementor-swiper-button-next\" role=\"button\" tabindex=\"0\">\n\t\t\t\t\t\t<i aria-hidden=\"true\" class=\"eicon-chevron-right\"><\/i>\t\t\t\t\t<\/div>\n\t\t\t\t\n\t\t\t\t\t\t\t\t\t<div class=\"swiper-pagination\"><\/div>\n\t\t\t\t\t\t\t\t\t<\/div>\n\t\t\t\t<\/div>\n\t\t\t\t<\/div>\n\t\t\t\t\t<\/div>\n\t\t<\/div>\n\t\t\t\t\t<\/div>\n\t\t<\/section>\n\t\t\t\t<section class=\"elementor-section elementor-top-section elementor-element elementor-element-9bc48c5 elementor-section-boxed elementor-section-height-default elementor-section-height-default\" data-id=\"9bc48c5\" data-element_type=\"section\">\n\t\t\t\t\t\t<div class=\"elementor-container elementor-column-gap-default\">\n\t\t\t\t\t<div class=\"elementor-column elementor-col-100 elementor-top-column elementor-element elementor-element-fbcd281\" data-id=\"fbcd281\" data-element_type=\"column\">\n\t\t\t<div class=\"elementor-widget-wrap elementor-element-populated\">\n\t\t\t\t\t\t<div class=\"elementor-element elementor-element-a71b5cc elementor-widget elementor-widget-text-editor\" data-id=\"a71b5cc\" data-element_type=\"widget\" data-widget_type=\"text-editor.default\">\n\t\t\t\t<div class=\"elementor-widget-container\">\n\t\t\t<style>\/*! elementor - v3.21.0 - 18-04-2024 *\/\n.elementor-widget-text-editor.elementor-drop-cap-view-stacked .elementor-drop-cap{background-color:#69727d;color:#fff}.elementor-widget-text-editor.elementor-drop-cap-view-framed .elementor-drop-cap{color:#69727d;border:3px solid;background-color:transparent}.elementor-widget-text-editor:not(.elementor-drop-cap-view-default) .elementor-drop-cap{margin-top:8px}.elementor-widget-text-editor:not(.elementor-drop-cap-view-default) .elementor-drop-cap-letter{width:1em;height:1em}.elementor-widget-text-editor .elementor-drop-cap{float:left;text-align:center;line-height:1;font-size:50px}.elementor-widget-text-editor .elementor-drop-cap-letter{display:inline-block}<\/style>\t\t\t\t<p><span style=\"font-size: 16.8px;\">Durante m\u00e1s de 15 a\u00f1os, me he dedicado a ayudar a otros mediante tutor\u00eda, asesoramiento, ense\u00f1anza y coaching. Mi viaje como entrenador comenz\u00f3 con una profunda comprensi\u00f3n durante mi formaci\u00f3n que encendi\u00f3 una pasi\u00f3n dentro de m\u00ed.<\/span><\/p>\n<p><span style=\"font-size: 16.8px;\">\u00a0<\/span><\/p>\n<p><span style=\"font-size: 16.8px;\">Impulsado por mi compromiso con el crecimiento personal, obtuve mi certificaci\u00f3n de coaching profesional en 2021 y me un\u00ed a la prestigiosa Federaci\u00f3n Internacional de Coaching. Hoy, encuentro una inmensa alegr\u00eda al guiar a las personas a alcanzar su m\u00e1ximo potencial y alcanzar sus metas.<\/span><\/p>\n<p><span style=\"font-size: 16.8px;\">\u00a0<\/span><\/p>\n<p><span style=\"font-size: 16.8px;\">Estoy dedicado a crear un entorno de apoyo donde los clientes puedan descubrir sus fortalezas, superar desaf\u00edos y desbloquear su verdadero potencial. Mi estilo de coaching se caracteriza por una escucha profunda, preguntas que invitan a la reflexi\u00f3n y orientaci\u00f3n personalizada.<\/span><\/p>\n<p><span style=\"font-size: 16.8px;\">\u00a0<\/span><\/p>\n<p><span style=\"font-size: 16.8px;\">M\u00e1s all\u00e1 de simplemente alcanzar objetivos externos, ayudo a los clientes a cultivar la autoconciencia, la resiliencia y el crecimiento que transforma sus vidas. Creo que todos pueden crear cambios positivos y llevar una vida plena.<\/span><\/p>\n<p><span style=\"font-size: 16.8px;\">\u00a0<\/span><\/p>\n<p><span style=\"font-size: 16.8px;\">En resumen, mi coaching permite a las personas aprovechar su m\u00e1ximo potencial y experimentar la transformaci\u00f3n. Con mi compromiso con la excelencia, gu\u00edo a los clientes hacia el \u00e9xito y la realizaci\u00f3n.<\/span><\/p>\t\t\t\t\t\t<\/div>\n\t\t\t\t<\/div>\n\t\t\t\t\t<\/div>\n\t\t<\/div>\n\t\t\t\t\t<\/div>\n\t\t<\/section>\n\t\t\t\t<section class=\"elementor-section elementor-top-section elementor-element elementor-element-49e22d1e elementor-section-boxed elementor-section-height-default elementor-section-height-default\" data-id=\"49e22d1e\" data-element_type=\"section\">\n\t\t\t\t\t\t<div class=\"elementor-container elementor-column-gap-default\">\n\t\t\t\t\t<div class=\"elementor-column elementor-col-100 elementor-top-column elementor-element elementor-element-65246180\" data-id=\"65246180\" data-element_type=\"column\">\n\t\t\t<div class=\"elementor-widget-wrap elementor-element-populated\">\n\t\t\t\t\t\t<div class=\"elementor-element elementor-element-c8b7e1c elementor-widget__width-initial elementor-widget elementor-widget-text-editor\" data-id=\"c8b7e1c\" data-element_type=\"widget\" data-widget_type=\"text-editor.default\">\n\t\t\t\t<div class=\"elementor-widget-container\">\n\t\t\t\t\t\t\t<p><!-- wp:heading {\"textAlign\":\"center\",\"level\":1} --><\/p>\n<div class=\"wp-block-group alignfull has-tertiary-background-color has-background\">\n<div class=\"wp-block-button aligncenter\"><a class=\"wp-block-button__link\" href=\"https:\/\/www.intrustcoachings.com\/es\/contacto\/\">Progr\u00e1mala hoy mismo<\/a><\/div>\n<p><!-- \/wp:button --><\/p>\n<\/div>\n<p><!-- \/wp:group --><\/p>\t\t\t\t\t\t<\/div>\n\t\t\t\t<\/div>\n\t\t\t\t\t<\/div>\n\t\t<\/div>\n\t\t\t\t\t<\/div>\n\t\t<\/section>\n\t\t\t\t<\/div>","protected":false},"excerpt":{"rendered":"<p>I&#8217;m Francisco Ordaz: a Coach , Mentor, and Developer For over 15 years, I&#8217;ve dedicated myself to helping others through mentoring, counseling, teaching, and coaching. My journey as a coach began with a profound realization during my training that ignited a passion within me. \u00a0 Driven by my commitment to personal growth, I earned my [&hellip;]<\/p>","protected":false},"author":1,"featured_media":0,"parent":0,"menu_order":0,"comment_status":"closed","ping_status":"closed","template":"","meta":{"hide_page_title":"","footnotes":""},"_links":{"self":[{"href":"https:\/\/www.intrustcoachings.com\/es\/wp-json\/wp\/v2\/pages\/21"}],"collection":[{"href":"https:\/\/www.intrustcoachings.com\/es\/wp-json\/wp\/v2\/pages"}],"about":[{"href":"https:\/\/www.intrustcoachings.com\/es\/wp-json\/wp\/v2\/types\/page"}],"author":[{"embeddable":true,"href":"https:\/\/www.intrustcoachings.com\/es\/wp-json\/wp\/v2\/users\/1"}],"replies":[{"embeddable":true,"href":"https:\/\/www.intrustcoachings.com\/es\/wp-json\/wp\/v2\/comments?post=21"}],"version-history":[{"count":30,"href":"https:\/\/www.intrustcoachings.com\/es\/wp-json\/wp\/v2\/pages\/21\/revisions"}],"predecessor-version":[{"id":676,"href":"https:\/\/www.intrustcoachings.com\/es\/wp-json\/wp\/v2\/pages\/21\/revisions\/676"}],"wp:attachment":[{"href":"https:\/\/www.intrustcoachings.com\/es\/wp-json\/wp\/v2\/media?parent=21"}],"curies":[{"name":"wp","href":"https:\/\/api.w.org\/{rel}","templated":true}]}}