{"id":18,"date":"2022-09-12T20:02:11","date_gmt":"2022-09-12T20:02:11","guid":{"rendered":"https:\/\/www.intrustcoachings.com\/inicio\/"},"modified":"2024-05-16T18:39:04","modified_gmt":"2024-05-16T18:39:04","slug":"inicio","status":"publish","type":"page","link":"https:\/\/www.intrustcoachings.com\/es\/","title":{"rendered":"Inicio"},"content":{"rendered":"<div data-elementor-type=\"wp-page\" data-elementor-id=\"18\" class=\"elementor elementor-18\">\n\t\t\t\t\t\t<section class=\"elementor-section elementor-top-section elementor-element elementor-element-eea333c elementor-section-boxed elementor-section-height-default elementor-section-height-default\" data-id=\"eea333c\" data-element_type=\"section\">\n\t\t\t\t\t\t<div class=\"elementor-container elementor-column-gap-default\">\n\t\t\t\t\t<div class=\"elementor-column elementor-col-100 elementor-top-column elementor-element elementor-element-d1212ca\" data-id=\"d1212ca\" data-element_type=\"column\">\n\t\t\t<div class=\"elementor-widget-wrap elementor-element-populated\">\n\t\t\t\t\t\t<div class=\"elementor-element elementor-element-f63d1f9 elementor-widget__width-initial elementor-widget elementor-widget-heading\" data-id=\"f63d1f9\" data-element_type=\"widget\" data-widget_type=\"heading.default\">\n\t\t\t\t<div class=\"elementor-widget-container\">\n\t\t\t<style>\/*! elementor - v3.21.0 - 18-04-2024 *\/\n.elementor-heading-title{padding:0;margin:0;line-height:1}.elementor-widget-heading .elementor-heading-title[class*=elementor-size-]>a{color:inherit;font-size:inherit;line-height:inherit}.elementor-widget-heading .elementor-heading-title.elementor-size-small{font-size:15px}.elementor-widget-heading .elementor-heading-title.elementor-size-medium{font-size:19px}.elementor-widget-heading .elementor-heading-title.elementor-size-large{font-size:29px}.elementor-widget-heading .elementor-heading-title.elementor-size-xl{font-size:39px}.elementor-widget-heading .elementor-heading-title.elementor-size-xxl{font-size:59px}<\/style><h2 class=\"elementor-heading-title elementor-size-default\"><br>Hola, Soy Francisco Ordaz<br>Tu Coach Por Vida! <\/h2>\t\t<\/div>\n\t\t\t\t<\/div>\n\t\t\t\t\t<\/div>\n\t\t<\/div>\n\t\t\t\t\t<\/div>\n\t\t<\/section>\n\t\t\t\t<section class=\"elementor-section elementor-top-section elementor-element elementor-element-39c9c7bc elementor-section-boxed elementor-section-height-default elementor-section-height-default\" data-id=\"39c9c7bc\" data-element_type=\"section\">\n\t\t\t\t\t\t<div class=\"elementor-container elementor-column-gap-default\">\n\t\t\t\t\t<div class=\"elementor-column elementor-col-100 elementor-top-column elementor-element elementor-element-40cad902\" data-id=\"40cad902\" data-element_type=\"column\">\n\t\t\t<div class=\"elementor-widget-wrap elementor-element-populated\">\n\t\t\t\t\t\t<div class=\"elementor-element elementor-element-20c56a07 elementor-widget__width-initial elementor-widget elementor-widget-text-editor\" data-id=\"20c56a07\" data-element_type=\"widget\" data-widget_type=\"text-editor.default\">\n\t\t\t\t<div class=\"elementor-widget-container\">\n\t\t\t<style>\/*! elementor - v3.21.0 - 18-04-2024 *\/\n.elementor-widget-text-editor.elementor-drop-cap-view-stacked .elementor-drop-cap{background-color:#69727d;color:#fff}.elementor-widget-text-editor.elementor-drop-cap-view-framed .elementor-drop-cap{color:#69727d;border:3px solid;background-color:transparent}.elementor-widget-text-editor:not(.elementor-drop-cap-view-default) .elementor-drop-cap{margin-top:8px}.elementor-widget-text-editor:not(.elementor-drop-cap-view-default) .elementor-drop-cap-letter{width:1em;height:1em}.elementor-widget-text-editor .elementor-drop-cap{float:left;text-align:center;line-height:1;font-size:50px}.elementor-widget-text-editor .elementor-drop-cap-letter{display:inline-block}<\/style>\t\t\t\t<p><!-- wp:group {\"align\":\"full\"} --><\/p>\n<div>\n<p><!-- wp:image --><\/p>\n<h1><img fetchpriority=\"high\" decoding=\"async\" class=\"alignnone wp-image-414 size-full\" src=\"https:\/\/www.intrustcoachings.com\/wp-content\/uploads\/2024\/04\/WhatsApp-Image-2024-04-23-at-19.44.45_37296074-1.jpg\" alt=\"\" width=\"1783\" height=\"1424\" style=\"font-size: var(--go--font-size); color: rgb(122, 122, 122); font-family: &quot;Albert Sans&quot;, sans-serif; letter-spacing: var(--go--letter-spacing,normal);\" srcset=\"https:\/\/www.intrustcoachings.com\/wp-content\/uploads\/2024\/04\/WhatsApp-Image-2024-04-23-at-19.44.45_37296074-1.jpg 1783w, https:\/\/www.intrustcoachings.com\/wp-content\/uploads\/2024\/04\/WhatsApp-Image-2024-04-23-at-19.44.45_37296074-1-300x240.jpg 300w, https:\/\/www.intrustcoachings.com\/wp-content\/uploads\/2024\/04\/WhatsApp-Image-2024-04-23-at-19.44.45_37296074-1-1024x818.jpg 1024w, https:\/\/www.intrustcoachings.com\/wp-content\/uploads\/2024\/04\/WhatsApp-Image-2024-04-23-at-19.44.45_37296074-1-768x613.jpg 768w, https:\/\/www.intrustcoachings.com\/wp-content\/uploads\/2024\/04\/WhatsApp-Image-2024-04-23-at-19.44.45_37296074-1-1536x1227.jpg 1536w\" sizes=\"(max-width: 1783px) 100vw, 1783px\" \/><br><\/h1>\n<\/div>\n<div>\n<div style=\"flex-basis: 66.66%;\">\n<p><span style=\"font-size: 18px;\">&nbsp; &nbsp; &nbsp; &nbsp; &nbsp; &nbsp; &nbsp; &nbsp; &nbsp; &nbsp; &nbsp; A veces en la vida es necesario promover y realizar cambios que no siempre se quieren afrontar o atender. \u00a1La ayuda de otros puede ser de gran valor! Puede ser justo lo que usted  necesita para avanzar y marcar la diferencia en su vida y en el mundo, descubriendo y maximizando su potencial y llev\u00e1ndolo a lograr sus objetivos mientras experimenta una verdadera transformaci\u00f3n y satisfacci\u00f3n en la vida. Es posible que la ayuda que necesita no siempre provenga de un mentor, maestro, profesor, consejero o consultor. A veces lo que necesitas es una relaci\u00f3n de coaching. El tipo de relaci\u00f3n y asociaci\u00f3n que le brindar\u00e1 comentarios honestos, sirvi\u00e9ndole y ayud\u00e1ndole a profundizar m\u00e1s para descubrir lo que desea lograr. Eso te mantendr\u00e1 responsable y con qui\u00e9n podr\u00e1s caminar en una relaci\u00f3n de confianza en tu viaje.<\/span><\/p>\n<p><!-- \/wp:paragraph --><\/p>\n<\/div>\n<p><!-- \/wp:column --><\/p>\n<p><!-- wp:column {\"width\":\"33.33%\"} --><\/p>\n<div style=\"flex-basis: 33.33%;\">&nbsp;<\/div>\n<\/div>\n<div>\n<p><!-- \/wp:button --><\/p>\n<\/div>\n<p><!-- \/wp:group --><\/p>\t\t\t\t\t\t<\/div>\n\t\t\t\t<\/div>\n\t\t\t\t\t<\/div>\n\t\t<\/div>\n\t\t\t\t\t<\/div>\n\t\t<\/section>\n\t\t\t\t<section class=\"elementor-section elementor-top-section elementor-element elementor-element-9227c12 elementor-section-boxed elementor-section-height-default elementor-section-height-default\" data-id=\"9227c12\" data-element_type=\"section\">\n\t\t\t\t\t\t<div class=\"elementor-container elementor-column-gap-default\">\n\t\t\t\t\t<div class=\"elementor-column elementor-col-100 elementor-top-column elementor-element elementor-element-edceff4\" data-id=\"edceff4\" data-element_type=\"column\">\n\t\t\t<div class=\"elementor-widget-wrap elementor-element-populated\">\n\t\t\t\t\t\t<div class=\"elementor-element elementor-element-bb79db8 elementor-widget elementor-widget-heading\" data-id=\"bb79db8\" data-element_type=\"widget\" data-widget_type=\"heading.default\">\n\t\t\t\t<div class=\"elementor-widget-container\">\n\t\t\t<h2 class=\"elementor-heading-title elementor-size-default\"><br>\"People who have achieved their goals Impact the lives of others who have not yet\" <br><br>- Francisco Ordaz<\/h2>\t\t<\/div>\n\t\t\t\t<\/div>\n\t\t\t\t\t<\/div>\n\t\t<\/div>\n\t\t\t\t\t<\/div>\n\t\t<\/section>\n\t\t\t\t<section class=\"elementor-section elementor-top-section elementor-element elementor-element-3875641 elementor-section-boxed elementor-section-height-default elementor-section-height-default\" data-id=\"3875641\" data-element_type=\"section\">\n\t\t\t\t\t\t<div class=\"elementor-container elementor-column-gap-default\">\n\t\t\t\t\t<div class=\"elementor-column elementor-col-100 elementor-top-column elementor-element elementor-element-2cca1b5\" data-id=\"2cca1b5\" data-element_type=\"column\">\n\t\t\t<div class=\"elementor-widget-wrap elementor-element-populated\">\n\t\t\t\t\t\t<div class=\"elementor-element elementor-element-7fb39bd elementor-widget elementor-widget-text-editor\" data-id=\"7fb39bd\" data-element_type=\"widget\" data-widget_type=\"text-editor.default\">\n\t\t\t\t<div class=\"elementor-widget-container\">\n\t\t\t\t\t\t\t<p>ffffffffffffffffffffffffffffffffffffffffffffffffffffffffffffffffffffffffffffffffffffffffffffffffffffffffffffffffffffffffffffffffffffffffffffffffff<\/p>\t\t\t\t\t\t<\/div>\n\t\t\t\t<\/div>\n\t\t\t\t\t<\/div>\n\t\t<\/div>\n\t\t\t\t\t<\/div>\n\t\t<\/section>\n\t\t\t\t<section class=\"elementor-section elementor-top-section elementor-element elementor-element-0b5542b elementor-section-boxed elementor-section-height-default elementor-section-height-default\" data-id=\"0b5542b\" data-element_type=\"section\">\n\t\t\t\t\t\t<div class=\"elementor-container elementor-column-gap-default\">\n\t\t\t\t\t<div class=\"elementor-column elementor-col-100 elementor-top-column elementor-element elementor-element-b041324\" data-id=\"b041324\" data-element_type=\"column\">\n\t\t\t<div class=\"elementor-widget-wrap elementor-element-populated\">\n\t\t\t\t\t\t\t<\/div>\n\t\t<\/div>\n\t\t\t\t\t<\/div>\n\t\t<\/section>\n\t\t\t\t<section class=\"elementor-section elementor-top-section elementor-element elementor-element-c65c422 elementor-section-boxed elementor-section-height-default elementor-section-height-default\" data-id=\"c65c422\" data-element_type=\"section\">\n\t\t\t\t\t\t<div class=\"elementor-container elementor-column-gap-default\">\n\t\t\t\t\t<div class=\"elementor-column elementor-col-50 elementor-top-column elementor-element elementor-element-338a896\" data-id=\"338a896\" data-element_type=\"column\">\n\t\t\t<div class=\"elementor-widget-wrap elementor-element-populated\">\n\t\t\t\t\t\t<div class=\"elementor-element elementor-element-5437c23 elementor-widget elementor-widget-heading\" data-id=\"5437c23\" data-element_type=\"widget\" data-widget_type=\"heading.default\">\n\t\t\t\t<div class=\"elementor-widget-container\">\n\t\t\t<h2 class=\"elementor-heading-title elementor-size-default\">Fundacion<\/h2>\t\t<\/div>\n\t\t\t\t<\/div>\n\t\t\t\t<div class=\"elementor-element elementor-element-34d232d elementor-widget elementor-widget-text-editor\" data-id=\"34d232d\" data-element_type=\"widget\" data-widget_type=\"text-editor.default\">\n\t\t\t\t<div class=\"elementor-widget-container\">\n\t\t\t\t\t\t\t<p><span style=\"font-family: Montserrat, sans-serif;\">Como fundador de IntrustCoachings, he ayudado a desarrollar talleres y programas que han transformado la vida de hombres y mujeres, capaces de maximizar su potencial de crecimiento.\u00a0<\/span><\/p>\t\t\t\t\t\t<\/div>\n\t\t\t\t<\/div>\n\t\t\t\t\t<\/div>\n\t\t<\/div>\n\t\t\t\t<div class=\"elementor-column elementor-col-50 elementor-top-column elementor-element elementor-element-40be406\" data-id=\"40be406\" data-element_type=\"column\">\n\t\t\t<div class=\"elementor-widget-wrap elementor-element-populated\">\n\t\t\t\t\t\t<div class=\"elementor-element elementor-element-84f595f elementor-widget elementor-widget-heading\" data-id=\"84f595f\" data-element_type=\"widget\" data-widget_type=\"heading.default\">\n\t\t\t\t<div class=\"elementor-widget-container\">\n\t\t\t<h2 class=\"elementor-heading-title elementor-size-default\">Experiencia<\/h2>\t\t<\/div>\n\t\t\t\t<\/div>\n\t\t\t\t<div class=\"elementor-element elementor-element-7fcb579 elementor-widget elementor-widget-text-editor\" data-id=\"7fcb579\" data-element_type=\"widget\" data-widget_type=\"text-editor.default\">\n\t\t\t\t<div class=\"elementor-widget-container\">\n\t\t\t\t\t\t\t<p><span style=\"font-family: Montserrat, sans-serif;\">Durante m\u00e1s de 15 a\u00f1os, he disfrutado con alegr\u00eda sirviendo y ayudando a otros como Pastor, Mentor, Consejero, Consultor y Entrenador al mismo tiempo.&nbsp;<\/span><\/p>\t\t\t\t\t\t<\/div>\n\t\t\t\t<\/div>\n\t\t\t\t\t<\/div>\n\t\t<\/div>\n\t\t\t\t\t<\/div>\n\t\t<\/section>\n\t\t\t\t<section class=\"elementor-section elementor-top-section elementor-element elementor-element-69b0b7a elementor-section-boxed elementor-section-height-default elementor-section-height-default\" data-id=\"69b0b7a\" data-element_type=\"section\">\n\t\t\t\t\t\t<div class=\"elementor-container elementor-column-gap-default\">\n\t\t\t\t\t<div class=\"elementor-column elementor-col-50 elementor-top-column elementor-element elementor-element-c698724\" data-id=\"c698724\" data-element_type=\"column\">\n\t\t\t<div class=\"elementor-widget-wrap elementor-element-populated\">\n\t\t\t\t\t\t<div class=\"elementor-element elementor-element-9850091 elementor-widget elementor-widget-heading\" data-id=\"9850091\" data-element_type=\"widget\" data-widget_type=\"heading.default\">\n\t\t\t\t<div class=\"elementor-widget-container\">\n\t\t\t<h2 class=\"elementor-heading-title elementor-size-default\">Liderazgo<\/h2>\t\t<\/div>\n\t\t\t\t<\/div>\n\t\t\t\t<div class=\"elementor-element elementor-element-e75ca39 elementor-widget elementor-widget-text-editor\" data-id=\"e75ca39\" data-element_type=\"widget\" data-widget_type=\"text-editor.default\">\n\t\t\t\t<div class=\"elementor-widget-container\">\n\t\t\t\t\t\t\t<p><span style=\"font-family: Montserrat, sans-serif;\">Como fundador de IntrustCoachings, he ayudado a muchas personas a transformar sus vidas en una vida con prop\u00f3sito.\u00a0<\/span><\/p>\t\t\t\t\t\t<\/div>\n\t\t\t\t<\/div>\n\t\t\t\t\t<\/div>\n\t\t<\/div>\n\t\t\t\t<div class=\"elementor-column elementor-col-50 elementor-top-column elementor-element elementor-element-eb38d1f\" data-id=\"eb38d1f\" data-element_type=\"column\">\n\t\t\t<div class=\"elementor-widget-wrap elementor-element-populated\">\n\t\t\t\t\t\t<div class=\"elementor-element elementor-element-d5cdf1c elementor-widget elementor-widget-heading\" data-id=\"d5cdf1c\" data-element_type=\"widget\" data-widget_type=\"heading.default\">\n\t\t\t\t<div class=\"elementor-widget-container\">\n\t\t\t<h2 class=\"elementor-heading-title elementor-size-default\">Temas <\/h2>\t\t<\/div>\n\t\t\t\t<\/div>\n\t\t\t\t<div class=\"elementor-element elementor-element-0288371 elementor-widget__width-initial elementor-widget elementor-widget-text-editor\" data-id=\"0288371\" data-element_type=\"widget\" data-widget_type=\"text-editor.default\">\n\t\t\t\t<div class=\"elementor-widget-container\">\n\t\t\t\t\t\t\t<p><span style=\"font-family: Montserrat, sans-serif;\">Iniciar un negocio, cambiar de carrera, relaciones interpersonales y desarrollo de liderazgo. En cada uno de estos aspectos, puedo servirte y ayudarte a vivir una vida plenamente transformada y exitosa.<\/span><\/p>\n<p><span style=\"font-family: Montserrat, sans-serif;\">\u00a0<\/span><\/p>\n<p>\u00a0<\/p>\t\t\t\t\t\t<\/div>\n\t\t\t\t<\/div>\n\t\t\t\t\t<\/div>\n\t\t<\/div>\n\t\t\t\t\t<\/div>\n\t\t<\/section>\n\t\t\t\t<section class=\"elementor-section elementor-top-section elementor-element elementor-element-19fd05f elementor-section-boxed elementor-section-height-default elementor-section-height-default\" data-id=\"19fd05f\" data-element_type=\"section\">\n\t\t\t\t\t\t<div class=\"elementor-container elementor-column-gap-default\">\n\t\t\t\t\t<div class=\"elementor-column elementor-col-33 elementor-top-column elementor-element elementor-element-9806069\" data-id=\"9806069\" data-element_type=\"column\">\n\t\t\t<div class=\"elementor-widget-wrap\">\n\t\t\t\t\t\t\t<\/div>\n\t\t<\/div>\n\t\t\t\t<div class=\"elementor-column elementor-col-33 elementor-top-column elementor-element elementor-element-c2aecc2\" data-id=\"c2aecc2\" data-element_type=\"column\">\n\t\t\t<div class=\"elementor-widget-wrap elementor-element-populated\">\n\t\t\t\t\t\t<div class=\"elementor-element elementor-element-c12b667 elementor-widget__width-initial elementor-widget elementor-widget-text-editor\" data-id=\"c12b667\" data-element_type=\"widget\" data-widget_type=\"text-editor.default\">\n\t\t\t\t<div class=\"elementor-widget-container\">\n\t\t\t\t\t\t\t<h2 class=\"elementor-heading-title elementor-size-default elementor-inline-editing pen\" style=\"font-family: Montserrat, sans-serif; font-style: normal; font-weight: 500; letter-spacing: var(--go-heading--letter-spacing,normal); color: rgba(0, 0, 0, 0.42); font-size: 27px;\" data-elementor-setting-key=\"title\" data-pen-placeholder=\"Type Here...\">Tu Primera Consulta es Gratis<\/h2>\n<h2 class=\"elementor-heading-title elementor-size-default elementor-inline-editing pen\" style=\"font-family: Montserrat, sans-serif; font-style: normal; font-weight: 500; letter-spacing: var(--go-heading--letter-spacing,normal); color: rgba(0, 0, 0, 0.42); font-size: 27px;\" data-elementor-setting-key=\"title\" data-pen-placeholder=\"Type Here...\">\u00a0<\/h2>\n<h2 class=\"elementor-heading-title elementor-size-default elementor-inline-editing pen\" style=\"font-family: Montserrat, sans-serif; font-style: normal; font-weight: 500; letter-spacing: var(--go-heading--letter-spacing,normal); color: rgba(0, 0, 0, 0.42); font-size: 27px;\" data-elementor-setting-key=\"title\" data-pen-placeholder=\"Type Here...\">\u00a0\u00a0<a style=\"background-color: #ffffff; font-weight: var( --e-global-typography-text-font-weight ); text-align: center; font-size: var(--go--font-size); letter-spacing: var(--go--letter-spacing,normal); font-style: var(--go-heading--font-style,normal);\" href=\"https:\/\/www.intrustcoachings.com\/es\/contacto\/\">Programala Hoy!\u00a0<\/a><\/h2>\n<p style=\"font-size: var(--go--type-scale-3); line-height: var(--go-heading--line-height); margin-bottom: var(--go-heading--margin-bottom); font-family: var(--go-heading--font-family); font-style: var(--go-heading--font-style,normal); font-weight: var(--go-heading--font-weight);\">\u00a0<\/p>\t\t\t\t\t\t<\/div>\n\t\t\t\t<\/div>\n\t\t\t\t\t<\/div>\n\t\t<\/div>\n\t\t\t\t<div class=\"elementor-column elementor-col-33 elementor-top-column elementor-element elementor-element-1d24a2b\" data-id=\"1d24a2b\" data-element_type=\"column\">\n\t\t\t<div class=\"elementor-widget-wrap\">\n\t\t\t\t\t\t\t<\/div>\n\t\t<\/div>\n\t\t\t\t\t<\/div>\n\t\t<\/section>\n\t\t\t\t<\/div>","protected":false},"excerpt":{"rendered":"<p>Hi, I&#8217;m Francisco OrdazYour Coach for Life! &nbsp; &#8220;People who have achieved their goals Impact the lives of others who have not yet&#8221; &#8211; Francisco Ordaz ffffffffffffffffffffffffffffffffffffffffffffffffffffffffffffffffffffffffffffffffffffffffffffffffffffffffffffffffffffffffffffffffffffffffffffffffff Foundation As the founder of IntrustCoachings, I have helped develop workshops and programs that have transformed the lives of men and women, able to maximize their growth potential.\u00a0 [&hellip;]<\/p>","protected":false},"author":1,"featured_media":0,"parent":0,"menu_order":0,"comment_status":"closed","ping_status":"closed","template":"elementor_theme","meta":{"hide_page_title":"","footnotes":""},"_links":{"self":[{"href":"https:\/\/www.intrustcoachings.com\/es\/wp-json\/wp\/v2\/pages\/18"}],"collection":[{"href":"https:\/\/www.intrustcoachings.com\/es\/wp-json\/wp\/v2\/pages"}],"about":[{"href":"https:\/\/www.intrustcoachings.com\/es\/wp-json\/wp\/v2\/types\/page"}],"author":[{"embeddable":true,"href":"https:\/\/www.intrustcoachings.com\/es\/wp-json\/wp\/v2\/users\/1"}],"replies":[{"embeddable":true,"href":"https:\/\/www.intrustcoachings.com\/es\/wp-json\/wp\/v2\/comments?post=18"}],"version-history":[{"count":206,"href":"https:\/\/www.intrustcoachings.com\/es\/wp-json\/wp\/v2\/pages\/18\/revisions"}],"predecessor-version":[{"id":644,"href":"https:\/\/www.intrustcoachings.com\/es\/wp-json\/wp\/v2\/pages\/18\/revisions\/644"}],"wp:attachment":[{"href":"https:\/\/www.intrustcoachings.com\/es\/wp-json\/wp\/v2\/media?parent=18"}],"curies":[{"name":"wp","href":"https:\/\/api.w.org\/{rel}","templated":true}]}}